{"id":552,"date":"2021-08-06T16:19:54","date_gmt":"2021-08-06T14:19:54","guid":{"rendered":"https:\/\/www.tofoo-project.com\/our-approach\/scientific-approach\/"},"modified":"2021-09-08T17:41:08","modified_gmt":"2021-09-08T15:41:08","slug":"scientific-approach","status":"publish","type":"page","link":"https:\/\/www.tofoo-project.com\/en\/our-approach\/scientific-approach\/","title":{"rendered":"Scientific approach"},"content":{"rendered":"<h2>Limitations of existing analytical tools<\/h2>\n<p>Three main limitations:<\/p>\n<p>\u00b7 These analyses only cover 3 main aspects of the organic regulations: detection and quantification of <strong>residues of plant protection products<\/strong>, detection of <strong>residues of veterinary products<\/strong> in meat products and detection of <strong>GMOs<\/strong>. Other key specifications of organic farming (e.g. crop rotation, recycling of organic matter, animal welfare) cannot be analytically tested at present.<\/p>\n<p>\u00b7 Secondly, the current technical approach is that of <strong>targeted analysis<\/strong>. We seek to detect the presence of previously known products. By definition, this approach can only detect what it is looking for. On the one hand, the spectrum of elements we are looking for is relatively limited (pesticides, GMOs, veterinary drugs, etc.). On the other hand, if other products are used, such as chemically modified pesticides, it is possible that the analyses do not detect the samples as non-compliant.<\/p>\n<p>\u00b7 The third limitation observed is that the analyses carried out may give <strong>ambiguous results on compliance with the organic farming specifications.<\/strong> Indeed, it is possible that a food product which is positive for one of these analyses has nevertheless been produced according to the organic specifications (e.g. cross-contamination, etc.). On the contrary, if we limit ourselves to these methods, some conventional products can give a negative result on these analyses and thus be confused with authentically organic products.<\/p>\n<p>&nbsp;<\/p>\n<h2>Planned innovations<\/h2>\n<p>The aim of the TOFoo project is therefore to develop innovative analyses to ensure the authenticity of the &#8220;organic&#8221; character of food products throughout the supply chain.<\/p>\n<p>These will include <strong>methods that collect the overall analytical footprint<\/strong> of products and verify their &#8220;organic&#8221; character (&#8220;non-targeted&#8221; approach), as well as <strong>methods for the identification of non-authorised food additives<\/strong> and the <strong>characterisation of manufactured nanoparticles<\/strong>. They will be applied to <strong>plant products (fruit, vegetables, cereals, oilseeds and protein crops) and dairy products.<\/strong><\/p>\n<p><strong>On-site analyses<\/strong>will complement these laboratory analyses, allowing <strong>rapid and frequent checks<\/strong> to be carried out directly on industrial or distribution sites. These analyses, carried out with <strong>portable testing devices<\/strong>, will be designed to provide pre-alerts on product integrity, to be confirmed by laboratory methods.<\/p>\n<p>Finally, to enable the development of these new analyses, each partner will contribute to the emergence of new solutions: development of portable devices for rapid in situ analysis, <strong>improved performance of laboratory equipment<\/strong>with emerging technologies, <strong>constitution and exploitation of databases<\/strong> of several thousand samples thanks to innovative statistical processing <strong>at the crossroads of &#8220;big data&#8221; and artificial intelligence.<\/strong>.<\/p>\n<h2><\/h2>\n<h2>Why non-targeted methods?<\/h2>\n<p>The principle behind the non-targeted analyses we carry out is that there is a <strong>difference in chemical composition between organic and conventional products.<\/strong> This difference could be due to different agricultural practices between organic and conventional farming, which would have an influence on the metabolism of plants or animals, and therefore on the final composition of the food products. This assumption is supported by the scientific literature, summarised in two meta-studies, one on crops and the other on dairy products. [1,2].<\/p>\n<p>The objective of the non-targeted methods is to identify these differences without prejudice by <strong>comparing the general analytical fingerprints<\/strong> of organic and non-organic products.<\/p>\n<p>To do this, we are building analytical <strong>databases<\/strong> from <strong>several thousands of samples<\/strong>. We then seek to extract markers of &#8220;organic&#8221; character from the great variability of food products, linked to their variety, their geographical origin, the weather during the year of production, etc.<\/p>\n<p>&nbsp;<\/p>\n<p>1. Bara\u0144ski M., \u015arednicka-Tober D., Volakakis N., Seal C., Sanderson R., Stewart G.B., Benbrook C., Biavati B., Markellou E., Giotis C., Gromadzka-Ostrowska J., Rembia\u0142kowska E., Skwar\u0142o-So\u0144ta K., Tahvonen R., Janovsk\u00e1 D., Niggli U., Nicot P. &amp; Leifert C. (2014). \u2013 Higher antioxidant and lower cadmium concentrations and lower incidence of pesticide residues in organically grown crops: a systematic literature review and meta-analyses. British Journal of Nutrition, 112 (5), 794\u2013811. doi:10.1017\/S0007114514001366.<\/p>\n<p>2. Palupi E., Jayanegara A., Ploeger A. &amp; Kahl J. (2012). \u2013 Comparison of nutritional quality between conventional and organic dairy products: a meta-analysis. J Sci Food Agric, 92 (14), 2774\u20132781. doi:10.1002\/jsfa.5639.<\/p>\n<p>&nbsp;<\/p>\n","protected":false},"excerpt":{"rendered":"<p>Limitations of existing analytical tools Three main limitations: \u00b7 These analyses only&#8230; <br \/><a class=\"readmore\" href=\"https:\/\/www.tofoo-project.com\/en\/our-approach\/scientific-approach\/\">Read more<\/a><\/p>\n","protected":false},"author":1,"featured_media":553,"parent":550,"menu_order":0,"comment_status":"closed","ping_status":"closed","template":"","meta":{"footnotes":""},"class_list":["post-552","page","type-page","status-publish","has-post-thumbnail","hentry"],"yoast_head":"<!-- This site is optimized with the Yoast SEO plugin v24.2 - https:\/\/yoast.com\/wordpress\/plugins\/seo\/ -->\n<title>Scientific approach - TOFOO<\/title>\n<meta name=\"robots\" content=\"index, follow, max-snippet:-1, max-image-preview:large, max-video-preview:-1\" \/>\n<link rel=\"canonical\" href=\"https:\/\/www.tofoo-project.com\/en\/our-approach\/scientific-approach\/\" \/>\n<meta property=\"og:locale\" content=\"en_US\" \/>\n<meta property=\"og:type\" content=\"article\" \/>\n<meta property=\"og:title\" content=\"Scientific approach - TOFOO\" \/>\n<meta property=\"og:description\" content=\"Limitations of existing analytical tools Three main limitations: \u00b7 These analyses only... Read more\" \/>\n<meta property=\"og:url\" content=\"https:\/\/www.tofoo-project.com\/en\/our-approach\/scientific-approach\/\" \/>\n<meta property=\"og:site_name\" content=\"TOFOO\" \/>\n<meta property=\"article:modified_time\" content=\"2021-09-08T15:41:08+00:00\" \/>\n<meta property=\"og:image\" content=\"https:\/\/www.tofoo-project.com\/wp-content\/uploads\/2021\/06\/TOFoo-bio-vrai-authentique-approche-scientifique-VF-1.jpg\" \/>\n\t<meta property=\"og:image:width\" content=\"184\" \/>\n\t<meta property=\"og:image:height\" content=\"144\" \/>\n\t<meta property=\"og:image:type\" content=\"image\/jpeg\" \/>\n<meta name=\"twitter:card\" content=\"summary_large_image\" \/>\n<meta name=\"twitter:label1\" content=\"Est. reading time\" \/>\n\t<meta name=\"twitter:data1\" content=\"3 minutes\" \/>\n<script type=\"application\/ld+json\" class=\"yoast-schema-graph\">{\"@context\":\"https:\/\/schema.org\",\"@graph\":[{\"@type\":\"WebPage\",\"@id\":\"https:\/\/www.tofoo-project.com\/en\/our-approach\/scientific-approach\/\",\"url\":\"https:\/\/www.tofoo-project.com\/en\/our-approach\/scientific-approach\/\",\"name\":\"Scientific approach - TOFOO\",\"isPartOf\":{\"@id\":\"https:\/\/www.tofoo-project.com\/en\/#website\"},\"primaryImageOfPage\":{\"@id\":\"https:\/\/www.tofoo-project.com\/en\/our-approach\/scientific-approach\/#primaryimage\"},\"image\":{\"@id\":\"https:\/\/www.tofoo-project.com\/en\/our-approach\/scientific-approach\/#primaryimage\"},\"thumbnailUrl\":\"https:\/\/www.tofoo-project.com\/wp-content\/uploads\/2021\/06\/TOFoo-bio-vrai-authentique-approche-scientifique-VF-1.jpg\",\"datePublished\":\"2021-08-06T14:19:54+00:00\",\"dateModified\":\"2021-09-08T15:41:08+00:00\",\"breadcrumb\":{\"@id\":\"https:\/\/www.tofoo-project.com\/en\/our-approach\/scientific-approach\/#breadcrumb\"},\"inLanguage\":\"en-US\",\"potentialAction\":[{\"@type\":\"ReadAction\",\"target\":[\"https:\/\/www.tofoo-project.com\/en\/our-approach\/scientific-approach\/\"]}]},{\"@type\":\"ImageObject\",\"inLanguage\":\"en-US\",\"@id\":\"https:\/\/www.tofoo-project.com\/en\/our-approach\/scientific-approach\/#primaryimage\",\"url\":\"https:\/\/www.tofoo-project.com\/wp-content\/uploads\/2021\/06\/TOFoo-bio-vrai-authentique-approche-scientifique-VF-1.jpg\",\"contentUrl\":\"https:\/\/www.tofoo-project.com\/wp-content\/uploads\/2021\/06\/TOFoo-bio-vrai-authentique-approche-scientifique-VF-1.jpg\",\"width\":184,\"height\":144,\"caption\":\"True authentic organic - scientific approach - TOFoo\"},{\"@type\":\"BreadcrumbList\",\"@id\":\"https:\/\/www.tofoo-project.com\/en\/our-approach\/scientific-approach\/#breadcrumb\",\"itemListElement\":[{\"@type\":\"ListItem\",\"position\":1,\"name\":\"Accueil\",\"item\":\"https:\/\/www.tofoo-project.com\/en\/\"},{\"@type\":\"ListItem\",\"position\":2,\"name\":\"Our approach\",\"item\":\"https:\/\/www.tofoo-project.com\/en\/our-approach\/\"},{\"@type\":\"ListItem\",\"position\":3,\"name\":\"Scientific approach\"}]},{\"@type\":\"WebSite\",\"@id\":\"https:\/\/www.tofoo-project.com\/en\/#website\",\"url\":\"https:\/\/www.tofoo-project.com\/en\/\",\"name\":\"TOFOO\",\"description\":\"\",\"potentialAction\":[{\"@type\":\"SearchAction\",\"target\":{\"@type\":\"EntryPoint\",\"urlTemplate\":\"https:\/\/www.tofoo-project.com\/en\/?s={search_term_string}\"},\"query-input\":{\"@type\":\"PropertyValueSpecification\",\"valueRequired\":true,\"valueName\":\"search_term_string\"}}],\"inLanguage\":\"en-US\"}]}<\/script>\n<!-- \/ Yoast SEO plugin. -->","yoast_head_json":{"title":"Scientific approach - TOFOO","robots":{"index":"index","follow":"follow","max-snippet":"max-snippet:-1","max-image-preview":"max-image-preview:large","max-video-preview":"max-video-preview:-1"},"canonical":"https:\/\/www.tofoo-project.com\/en\/our-approach\/scientific-approach\/","og_locale":"en_US","og_type":"article","og_title":"Scientific approach - TOFOO","og_description":"Limitations of existing analytical tools Three main limitations: \u00b7 These analyses only... Read more","og_url":"https:\/\/www.tofoo-project.com\/en\/our-approach\/scientific-approach\/","og_site_name":"TOFOO","article_modified_time":"2021-09-08T15:41:08+00:00","og_image":[{"width":184,"height":144,"url":"https:\/\/www.tofoo-project.com\/wp-content\/uploads\/2021\/06\/TOFoo-bio-vrai-authentique-approche-scientifique-VF-1.jpg","type":"image\/jpeg"}],"twitter_card":"summary_large_image","twitter_misc":{"Est. reading time":"3 minutes"},"schema":{"@context":"https:\/\/schema.org","@graph":[{"@type":"WebPage","@id":"https:\/\/www.tofoo-project.com\/en\/our-approach\/scientific-approach\/","url":"https:\/\/www.tofoo-project.com\/en\/our-approach\/scientific-approach\/","name":"Scientific approach - TOFOO","isPartOf":{"@id":"https:\/\/www.tofoo-project.com\/en\/#website"},"primaryImageOfPage":{"@id":"https:\/\/www.tofoo-project.com\/en\/our-approach\/scientific-approach\/#primaryimage"},"image":{"@id":"https:\/\/www.tofoo-project.com\/en\/our-approach\/scientific-approach\/#primaryimage"},"thumbnailUrl":"https:\/\/www.tofoo-project.com\/wp-content\/uploads\/2021\/06\/TOFoo-bio-vrai-authentique-approche-scientifique-VF-1.jpg","datePublished":"2021-08-06T14:19:54+00:00","dateModified":"2021-09-08T15:41:08+00:00","breadcrumb":{"@id":"https:\/\/www.tofoo-project.com\/en\/our-approach\/scientific-approach\/#breadcrumb"},"inLanguage":"en-US","potentialAction":[{"@type":"ReadAction","target":["https:\/\/www.tofoo-project.com\/en\/our-approach\/scientific-approach\/"]}]},{"@type":"ImageObject","inLanguage":"en-US","@id":"https:\/\/www.tofoo-project.com\/en\/our-approach\/scientific-approach\/#primaryimage","url":"https:\/\/www.tofoo-project.com\/wp-content\/uploads\/2021\/06\/TOFoo-bio-vrai-authentique-approche-scientifique-VF-1.jpg","contentUrl":"https:\/\/www.tofoo-project.com\/wp-content\/uploads\/2021\/06\/TOFoo-bio-vrai-authentique-approche-scientifique-VF-1.jpg","width":184,"height":144,"caption":"True authentic organic - scientific approach - TOFoo"},{"@type":"BreadcrumbList","@id":"https:\/\/www.tofoo-project.com\/en\/our-approach\/scientific-approach\/#breadcrumb","itemListElement":[{"@type":"ListItem","position":1,"name":"Accueil","item":"https:\/\/www.tofoo-project.com\/en\/"},{"@type":"ListItem","position":2,"name":"Our approach","item":"https:\/\/www.tofoo-project.com\/en\/our-approach\/"},{"@type":"ListItem","position":3,"name":"Scientific approach"}]},{"@type":"WebSite","@id":"https:\/\/www.tofoo-project.com\/en\/#website","url":"https:\/\/www.tofoo-project.com\/en\/","name":"TOFOO","description":"","potentialAction":[{"@type":"SearchAction","target":{"@type":"EntryPoint","urlTemplate":"https:\/\/www.tofoo-project.com\/en\/?s={search_term_string}"},"query-input":{"@type":"PropertyValueSpecification","valueRequired":true,"valueName":"search_term_string"}}],"inLanguage":"en-US"}]}},"_links":{"self":[{"href":"https:\/\/www.tofoo-project.com\/en\/wp-json\/wp\/v2\/pages\/552","targetHints":{"allow":["GET"]}}],"collection":[{"href":"https:\/\/www.tofoo-project.com\/en\/wp-json\/wp\/v2\/pages"}],"about":[{"href":"https:\/\/www.tofoo-project.com\/en\/wp-json\/wp\/v2\/types\/page"}],"author":[{"embeddable":true,"href":"https:\/\/www.tofoo-project.com\/en\/wp-json\/wp\/v2\/users\/1"}],"replies":[{"embeddable":true,"href":"https:\/\/www.tofoo-project.com\/en\/wp-json\/wp\/v2\/comments?post=552"}],"version-history":[{"count":1,"href":"https:\/\/www.tofoo-project.com\/en\/wp-json\/wp\/v2\/pages\/552\/revisions"}],"predecessor-version":[{"id":656,"href":"https:\/\/www.tofoo-project.com\/en\/wp-json\/wp\/v2\/pages\/552\/revisions\/656"}],"up":[{"embeddable":true,"href":"https:\/\/www.tofoo-project.com\/en\/wp-json\/wp\/v2\/pages\/550"}],"wp:featuredmedia":[{"embeddable":true,"href":"https:\/\/www.tofoo-project.com\/en\/wp-json\/wp\/v2\/media\/553"}],"wp:attachment":[{"href":"https:\/\/www.tofoo-project.com\/en\/wp-json\/wp\/v2\/media?parent=552"}],"curies":[{"name":"wp","href":"https:\/\/api.w.org\/{rel}","templated":true}]}}